{"id":33095,"date":"2026-05-01T22:55:38","date_gmt":"2026-05-02T02:55:38","guid":{"rendered":"https:\/\/mgroleau.com\/wp\/?page_id=33095"},"modified":"2026-05-01T23:39:28","modified_gmt":"2026-05-02T03:39:28","slug":"tnc-mes-pieces-41-a-50","status":"publish","type":"page","link":"https:\/\/mgroleau.com\/wp\/tnc-mes-pieces-41-a-50\/","title":{"rendered":"TNC \u2013 Mes pi\u00e8ces 41 \u00e0 50"},"content":{"rendered":"<style>body { background-color:#330000; }<\/style>\n<h3 style=\"text-align: center;\"><a href=\"https:\/\/mgroleau.com\/wp\/trois-rivieres\/photographie-de-spectacle\/theatre-des-nouveaux-compagnons-depuis-2009\/\">Retour au r\u00e9pertoire des pi\u00e8ces<\/a><\/h3>\n<table style=\"border-collapse: collapse; width: 100%;\">\n<tbody>\n<tr>\n<td style=\"width: 30.6303%;\"><img loading=\"lazy\" decoding=\"async\" class=\"aligncenter size-full wp-image-32984\" src=\"https:\/\/mgroleau.com\/wp\/wp-content\/uploads\/2026\/04\/50e500px.png\" alt=\"\" width=\"500\" height=\"345\"\/><\/td>\n<td style=\"width: 69.3697%;\">\n<h1 style=\"text-align: center;\">50e &#8211; B\u00e9b\u00e9 \u00e0 bord<\/h1>\n<h2 style=\"text-align: center;\">Cette pi\u00e8ce est ma 50e collaboration avec le TNC!<\/h2>\n<p><a href=\"https:\/\/photos.app.goo.gl\/UeJbXmkS5RFX6xvcA\" target=\"_blank\" rel=\"noopener\"><img loading=\"lazy\" decoding=\"async\" class=\"aligncenter size-full wp-image-32840\" src=\"https:\/\/mgroleau.com\/wp\/wp-content\/uploads\/2026\/04\/bebe_a_bord_affiche.jpg\" alt=\"\" width=\"900\" height=\"500\" srcset=\"https:\/\/mgroleau.com\/wp\/wp-content\/uploads\/2026\/04\/bebe_a_bord_affiche.jpg 900w, https:\/\/mgroleau.com\/wp\/wp-content\/uploads\/2026\/04\/bebe_a_bord_affiche-768x427.jpg 768w\" sizes=\"auto, (max-width: 900px) 100vw, 900px\" \/><\/a><\/p>\n<h1 style=\"text-align: center;\"><a href=\"https:\/\/photos.app.goo.gl\/UeJbXmkS5RFX6xvcA\" target=\"_blank\" rel=\"noopener\">CLIQUEZ ICI POUR L&rsquo;ALBUM COMPLET<\/a><\/h1>\n<h3 style=\"text-align: center;\"><a href=\"\/wp\/2026\/04\/bebe-a-bord-tnc-2026\/\">Pour plus de d\u00e9tails consultez l&rsquo;article du blogue<\/a><\/h3>\n<\/td>\n<\/tr>\n<\/tbody>\n<\/table>\n<p>Une pi\u00e8ce de Claude Montminy<br \/>\nPhilippe et Christine viennent d\u2019emm\u00e9nager dans une maison aux mille et une r\u00e9novations \u00e0 compl\u00e9ter. Depuis quelque temps, Philippe ne pense qu\u2019\u00e0 une chose : il souhaite ardemment avoir des enfants. Le probl\u00e8me, c&rsquo;est que Christine n\u2019est pas pr\u00eate. Alors qu\u2019il essaie par tous les moyens de la convaincre, les enjeux s&rsquo;intensifient avec l&rsquo;arriv\u00e9e de Val\u00e9rie, la s\u0153ur de Christine, et Alain, son nouveau chum. Ces derniers lui font une proposition surprenante. Le temps presse! Jusqu\u2019\u00e0 quel point Philippe veut-il des enfants? Jusqu\u2019o\u00f9 sommes-nous pr\u00eats \u00e0 aller pour devenir parents? Dr\u00f4lement loin pour certains!<\/p>\n<p><img loading=\"lazy\" decoding=\"async\" class=\"aligncenter size-mailpoet_newsletter_max\" src=\"https:\/\/live.staticflickr.com\/65535\/55218259564_c2a37dcb1e_c.jpg\" alt=\"Toute l'\u00e9quipe\" width=\"799\" height=\"559\"\/><\/p>\n<hr \/>\n<h2 style=\"text-align: center;\">49e &#8211; L&rsquo;ENTENTE<\/h2>\n<p><a href=\"https:\/\/mgroleau.com\/wp\/wp-content\/uploads\/2026\/01\/afficheentente.jpg\"><img loading=\"lazy\" decoding=\"async\" class=\"aligncenter wp-image-32713\" src=\"https:\/\/mgroleau.com\/wp\/wp-content\/uploads\/2026\/01\/afficheentente.jpg\" alt=\"\" width=\"1002\" height=\"313\" srcset=\"https:\/\/mgroleau.com\/wp\/wp-content\/uploads\/2026\/01\/afficheentente.jpg 1920w, https:\/\/mgroleau.com\/wp\/wp-content\/uploads\/2026\/01\/afficheentente-768x240.jpg 768w, https:\/\/mgroleau.com\/wp\/wp-content\/uploads\/2026\/01\/afficheentente-1536x480.jpg 1536w, https:\/\/mgroleau.com\/wp\/wp-content\/uploads\/2026\/01\/afficheentente-1320x413.jpg 1320w\" sizes=\"auto, (max-width: 1002px) 100vw, 1002px\" \/><\/a><\/p>\n<h1 style=\"text-align: center;\"><a href=\"https:\/\/photos.app.goo.gl\/QvAKXzBRBk7dZ11s7\" target=\"_blank\" rel=\"noopener\">CLIQUEZ ICI POUR L&rsquo;ALBUM COMPLET<\/a><\/h1>\n<h3 style=\"text-align: center;\"><a href=\"https:\/\/mgroleau.com\/wp\/2026\/01\/tnc-lentente-janvier-2026\/\">Pour plus de d\u00e9tails consultez l&rsquo;article du blogue<\/a><\/h3>\n<p><a href=\"https:\/\/mgroleau.com\/wp\/wp-content\/uploads\/2026\/01\/lentente2026.jpg\"><img loading=\"lazy\" decoding=\"async\" class=\"aligncenter wp-image-32722\" src=\"https:\/\/mgroleau.com\/wp\/wp-content\/uploads\/2026\/01\/lentente2026.jpg\" alt=\"\" width=\"1000\" height=\"414\" srcset=\"https:\/\/mgroleau.com\/wp\/wp-content\/uploads\/2026\/01\/lentente2026.jpg 1920w, https:\/\/mgroleau.com\/wp\/wp-content\/uploads\/2026\/01\/lentente2026-768x318.jpg 768w, https:\/\/mgroleau.com\/wp\/wp-content\/uploads\/2026\/01\/lentente2026-1536x636.jpg 1536w, https:\/\/mgroleau.com\/wp\/wp-content\/uploads\/2026\/01\/lentente2026-1320x547.jpg 1320w\" sizes=\"auto, (max-width: 1000px) 100vw, 1000px\" \/><\/a><\/p>\n<hr \/>\n<h2 style=\"text-align: center;\">48<sup>e<\/sup> &#8211; POUR EN FINIR AVEC LE TH\u00c9\u00c2TRE<\/h2>\n<h1 style=\"text-align: center;\"><a href=\"https:\/\/mgroleau.com\/wp\/wp-content\/uploads\/2025\/11\/pourenfiniravecletheatre.png\"><img loading=\"lazy\" decoding=\"async\" class=\"aligncenter wp-image-32350\" src=\"https:\/\/mgroleau.com\/wp\/wp-content\/uploads\/2025\/11\/pourenfiniravecletheatre.png\" alt=\"\" width=\"1000\" height=\"313\" srcset=\"https:\/\/mgroleau.com\/wp\/wp-content\/uploads\/2025\/11\/pourenfiniravecletheatre.png 1920w, https:\/\/mgroleau.com\/wp\/wp-content\/uploads\/2025\/11\/pourenfiniravecletheatre-768x240.png 768w, https:\/\/mgroleau.com\/wp\/wp-content\/uploads\/2025\/11\/pourenfiniravecletheatre-1536x480.png 1536w, https:\/\/mgroleau.com\/wp\/wp-content\/uploads\/2025\/11\/pourenfiniravecletheatre-1320x413.png 1320w\" sizes=\"auto, (max-width: 1000px) 100vw, 1000px\" \/><\/a><a href=\"https:\/\/photos.app.goo.gl\/dG6rdKmZhSyJum3a7\" target=\"_blank\" rel=\"noopener\">CLIQUEZ ICI POUR L&rsquo;ALBUM COMPLET<\/a><\/h1>\n<p style=\"text-align: center;\"><a href=\"https:\/\/mgroleau.com\/wp\/2025\/11\/pour-en-finir-avec-le-theatre-tnc-nov-2025\/\" target=\"_blank\" rel=\"noopener\">Pour plus de d\u00e9tails consultez l&rsquo;article de mon blogue!<\/a><\/p>\n<p><a href=\"https:\/\/mgroleau.com\/wp\/2025\/11\/pour-en-finir-avec-le-theatre-tnc-nov-2025\/\" target=\"_blank\" rel=\"noopener\"><img loading=\"lazy\" decoding=\"async\" class=\"aligncenter size-full wp-image-32360\" src=\"https:\/\/mgroleau.com\/wp\/wp-content\/uploads\/2025\/11\/pourenfiniravecletheatremosaique.jpg\" alt=\"\" width=\"1100\" height=\"372\" srcset=\"https:\/\/mgroleau.com\/wp\/wp-content\/uploads\/2025\/11\/pourenfiniravecletheatremosaique.jpg 1100w, https:\/\/mgroleau.com\/wp\/wp-content\/uploads\/2025\/11\/pourenfiniravecletheatremosaique-768x260.jpg 768w\" sizes=\"auto, (max-width: 1100px) 100vw, 1100px\" \/><\/a><\/p>\n<hr \/>\n<h2>47e &#8211; PORC-\u00c9PIC<\/h2>\n<p><img loading=\"lazy\" decoding=\"async\" class=\"aligncenter size-full wp-image-31243\" src=\"https:\/\/mgroleau.com\/wp\/wp-content\/uploads\/2025\/03\/TNCAffichePorcEpic.jpg\" alt=\"\" width=\"900\" height=\"500\" srcset=\"https:\/\/mgroleau.com\/wp\/wp-content\/uploads\/2025\/03\/TNCAffichePorcEpic.jpg 900w, https:\/\/mgroleau.com\/wp\/wp-content\/uploads\/2025\/03\/TNCAffichePorcEpic-768x427.jpg 768w\" sizes=\"auto, (max-width: 900px) 100vw, 900px\" \/><\/p>\n<p>&nbsp;<\/p>\n<h1 style=\"text-align: center;\"><a href=\"https:\/\/photos.app.goo.gl\/SpSGEYvV3fiMAKg99\" target=\"_blank\" rel=\"noopener\">CLIQUEZ ICI POUR L\u2019ALBUM COMPLET<\/a><\/h1>\n<p><img loading=\"lazy\" decoding=\"async\" class=\"aligncenter size-full wp-image-31382\" src=\"https:\/\/mgroleau.com\/wp\/wp-content\/uploads\/2025\/04\/PorcEpic-0313_dxo800.jpg\" alt=\"\" width=\"782\" height=\"512\" srcset=\"https:\/\/mgroleau.com\/wp\/wp-content\/uploads\/2025\/04\/PorcEpic-0313_dxo800.jpg 782w, https:\/\/mgroleau.com\/wp\/wp-content\/uploads\/2025\/04\/PorcEpic-0313_dxo800-768x503.jpg 768w\" sizes=\"auto, (max-width: 782px) 100vw, 782px\" \/><\/p>\n<h3 style=\"text-align: center;\"><a href=\"https:\/\/mgroleau.com\/wp\/2025\/04\/porc-epic-ma-47e-piece-avec-le-tnc\/\">Pour plus de d\u00e9tails consultez l&rsquo;article de mon Blog<\/a><\/h3>\n<hr \/>\n<h2>46e &#8211; TA MAISON BR\u00dbLE<\/h2>\n<p><a href=\"https:\/\/photos.app.goo.gl\/TKhs8RudyfCVtkN1A\" target=\"_blank\" rel=\"noopener\"><img loading=\"lazy\" decoding=\"async\" class=\"aligncenter wp-image-31066 size-full\" src=\"https:\/\/mgroleau.com\/wp\/wp-content\/uploads\/2025\/01\/affiche-ta-maison-brule.jpg\" alt=\"\" width=\"900\" height=\"500\" srcset=\"https:\/\/mgroleau.com\/wp\/wp-content\/uploads\/2025\/01\/affiche-ta-maison-brule.jpg 900w, https:\/\/mgroleau.com\/wp\/wp-content\/uploads\/2025\/01\/affiche-ta-maison-brule-768x427.jpg 768w\" sizes=\"auto, (max-width: 900px) 100vw, 900px\" \/><\/a><\/p>\n<p style=\"text-align: center;\">Cliquez sur l&rsquo;affiche ci-dessus pour acc\u00e9der \u00e0 l&rsquo;album complet des photos de la pi\u00e8ce&nbsp;<\/p>\n<p style=\"text-align: center;\"><a href=\"https:\/\/mgroleau.com\/wp\/2025\/01\/tnc-jan-2025-ta-maison-brule-46e-collaboratoion\/\">Pour plus de d\u00e9tails consultez l&rsquo;article de mon blog<\/a><\/p>\n<p>&nbsp;<\/p>\n<hr \/>\n<h2>45e &#8211; \u00c0 PR\u00c9SENT<\/h2>\n<p>La mi-novembre 2024 a \u00e9t\u00e9 marqu\u00e9 par la pi\u00e8ce \u00ab<strong>\u00c0 Pr\u00e9sent<\/strong>\u00bb une pi\u00e8ce \u00e9crite par <strong>Catherine-Anne Toupin<\/strong> et mise en sc\u00e8ne par <strong>Yves Deguire<\/strong> et pr\u00e9sent\u00e9e par le <strong>Th\u00e9\u00e2tre des nouveau compagnons<\/strong> \u00e0 la salle Ana\u00efs-Allard-Rousseau.&nbsp;<\/p>\n<p><a href=\"https:\/\/photos.app.goo.gl\/pSPygG9CecFmGhmB9\" target=\"_blank\" rel=\"noopener\"><img loading=\"lazy\" decoding=\"async\" class=\"aligncenter size-full wp-image-29153\" src=\"https:\/\/mgroleau.com\/wp\/wp-content\/uploads\/2024\/11\/tntapresent.jpg\" alt=\"\" width=\"900\" height=\"500\"\/><\/a><\/p>\n<p style=\"text-align: center;\">L&rsquo;album complet de la pi\u00e8ce est disponible en cliquant ci-dessus&nbsp;<\/p>\n<h4 style=\"text-align: center;\"><a href=\"https:\/\/mgroleau.com\/wp\/2024\/11\/a-present-ma-45e-piece-avec-le-tnc\/\">Cliquez ici our rejoindre l&rsquo;article du blogue, il contient des photos exclusives<\/a>&nbsp;<\/h4>\n<hr \/>\n<p>&nbsp;<\/p>\n<h2>Juin 2024 le TNC organisait le GALA des Arlequins de la FQTA <a href=\"https:\/\/mgroleau.com\/wp\/2024\/06\/arlequins2024\/\"><img loading=\"lazy\" decoding=\"async\" class=\"aligncenter wp-image-29346\" src=\"https:\/\/mgroleau.com\/wp\/wp-content\/uploads\/2024\/06\/galafqta2024.jpg\" alt=\"\" width=\"800\" height=\"415\" srcset=\"https:\/\/mgroleau.com\/wp\/wp-content\/uploads\/2024\/06\/galafqta2024.jpg 1200w, https:\/\/mgroleau.com\/wp\/wp-content\/uploads\/2024\/06\/galafqta2024-768x399.jpg 768w\" sizes=\"auto, (max-width: 800px) 100vw, 800px\" \/><\/a><\/h2>\n<hr \/>\n<h2>44e &#8211; Constellations<\/h2>\n<p>Le 27 avril 2024, <strong>La Maison Grandi-Ose, La Fen\u00eatre, Centre d\u2019immersion aux arts et le Th\u00e9\u00e2tre des Nouveaux Compagnons (TNC)<\/strong> se sont unis pour une lev\u00e9e de fonds. Cliquez sur la photo ci-dessus pour afficher l&rsquo;article du blogue.<\/p>\n<p><a href=\"https:\/\/mgroleau.com\/wp\/2024\/05\/tnc-constellations-un-spectacle-special-le-27-avril-2024\/\"><img loading=\"lazy\" decoding=\"async\" class=\"aligncenter wp-image-29196\" src=\"https:\/\/mgroleau.com\/wp\/wp-content\/uploads\/2024\/05\/TNCMGOF_AVR2024_201.jpg\" alt=\"\" width=\"789\" height=\"514\" srcset=\"https:\/\/mgroleau.com\/wp\/wp-content\/uploads\/2024\/05\/TNCMGOF_AVR2024_201.jpg 1000w, https:\/\/mgroleau.com\/wp\/wp-content\/uploads\/2024\/05\/TNCMGOF_AVR2024_201-768x500.jpg 768w\" sizes=\"auto, (max-width: 789px) 100vw, 789px\" \/><\/a><\/p>\n<hr \/>\n<h2>43e &#8211; Int\u00e9rieurs<\/h2>\n<p>Le d\u00e9but d&rsquo;avril 2024 a \u00e9t\u00e9 marqu\u00e9 par la pi\u00e8ce \u00ab<strong>Int\u00e9rieurs<\/strong>\u00bb une pi\u00e8ce \u00e9crite et mise en sc\u00e8ne par <strong>Patric Saucier<\/strong> et pr\u00e9sent\u00e9e par le <strong>Th\u00e9\u00e2tre des nouveau compagnons<\/strong> \u00e0 la salle Ana\u00efs-Allard-Rousseau. <strong>L&rsquo;univers d&rsquo;Edmond Rondeau<\/strong><\/p>\n<p><a href=\"https:\/\/photos.app.goo.gl\/jjPJb1tdYAUzhkym6\" target=\"_blank\" rel=\"noopener\"><img loading=\"lazy\" decoding=\"async\" class=\"aligncenter size-full wp-image-29153\" src=\"https:\/\/mgroleau.com\/wp\/wp-content\/uploads\/2024\/04\/Affiche_interieurs2.jpg\" alt=\"\" width=\"900\" height=\"500\" srcset=\"https:\/\/mgroleau.com\/wp\/wp-content\/uploads\/2024\/04\/Affiche_interieurs2.jpg 900w, https:\/\/mgroleau.com\/wp\/wp-content\/uploads\/2024\/04\/Affiche_interieurs2-768x427.jpg 768w, https:\/\/mgroleau.com\/wp\/wp-content\/uploads\/2024\/04\/Affiche_interieurs2-800x445.jpg 800w\" sizes=\"auto, (max-width: 900px) 100vw, 900px\" \/><\/a><\/p>\n<p style=\"text-align: center;\"><a href=\"https:\/\/photos.app.goo.gl\/jjPJb1tdYAUzhkym6\" target=\"_blank\" rel=\"noopener\">L&rsquo;album complet de la pi\u00e8ce est disponible en cliquant ici et ci-dessus&nbsp;<\/a><\/p>\n<h4 style=\"text-align: center;\"><a href=\"https:\/\/mgroleau.com\/wp\/2024\/04\/tnc-interieurs-avril-2024\/\">Pour rejoindre l&rsquo;article du blogue, il contient des photos exclusives&nbsp;<\/a><\/h4>\n<hr \/>\n<h3>42e &#8211; Les combustibles<\/h3>\n<table style=\"border-collapse: collapse; width: 100%;\">\n<tbody>\n<tr>\n<td style=\"width: 21.2188%; text-align: center; vertical-align: middle;\">\n<h3>Com\u00e9diens<\/h3>\n<p>\u00c9ric Ahern<br \/>\nCamille Beauchemin<br \/>\nSamuel Fortin<\/td>\n<td style=\"width: 58.2231%; text-align: center; vertical-align: middle;\"><a href=\"https:\/\/photos.app.goo.gl\/e7v1eoKsMNeU3u939\" target=\"_blank\" rel=\"noopener\"><img loading=\"lazy\" decoding=\"async\" class=\"aligncenter size-full wp-image-28062\" src=\"https:\/\/mgroleau.com\/wp\/wp-content\/uploads\/2024\/01\/lescombustibles2024.jpg\" alt=\"\" width=\"900\" height=\"500\" srcset=\"https:\/\/mgroleau.com\/wp\/wp-content\/uploads\/2024\/01\/lescombustibles2024.jpg 900w, https:\/\/mgroleau.com\/wp\/wp-content\/uploads\/2024\/01\/lescombustibles2024-768x427.jpg 768w, https:\/\/mgroleau.com\/wp\/wp-content\/uploads\/2024\/01\/lescombustibles2024-800x445.jpg 800w\" sizes=\"auto, (max-width: 900px) 100vw, 900px\" \/>L&rsquo;album complet de la pi\u00e8ce est disponible en cliquant ici et ci-dessus&nbsp;<\/a><\/p>\n<h3><a href=\"https:\/\/mgroleau.com\/wp\/2024\/01\/tnc-les-combustibles-jan-2024\/\">Consultez l&rsquo;article du blog<\/a><\/h3>\n<\/td>\n<td style=\"width: 20.558%; text-align: center; vertical-align: middle;\">\n<h3>Mise en sc\u00e8ne<\/h3>\n<p>Gabriel Godbout<br \/>\nAssistance \u00e0 la mise en sc\u00e8ne<br \/>\nCynthia Paris<\/td>\n<\/tr>\n<\/tbody>\n<\/table>\n<hr \/>\n<h3>41<sup>e <\/sup>&#8211; SAUVER DES VIES &#8211; 8 NOVEMBRE 2023<\/h3>\n<table style=\"width: 100%; border-collapse: collapse;\">\n<tbody>\n<tr>\n<td style=\"width: 20.3377%; vertical-align: top;\">\n<h3><strong>Com\u00e9diens<\/strong><\/h3>\n<p>Thomas Beaucage,<\/p>\n<p>Isabelle B\u00e9dard,<\/p>\n<p>Pierre Dionne,<\/p>\n<p>Carolle Lafrance,<\/p>\n<p>Danick Labb\u00e9<\/p>\n<p>Pier-Luc Marcouiller<\/td>\n<td style=\"width: 59.6182%; vertical-align: top; text-align: center;\"><a href=\"https:\/\/photos.app.goo.gl\/XjBoqfpjucNDvYNk8\" target=\"_blank\" rel=\"noopener\"><img loading=\"lazy\" decoding=\"async\" class=\"aligncenter wp-image-27477 size-full\" title=\"Acc\u00e9der \u00e0 l'album complet de la pi\u00e8ce\" src=\"https:\/\/mgroleau.com\/wp\/wp-content\/uploads\/2023\/11\/affichesauverdesvie.jpg\" alt=\"\" width=\"828\" height=\"461\" srcset=\"https:\/\/mgroleau.com\/wp\/wp-content\/uploads\/2023\/11\/affichesauverdesvie.jpg 828w, https:\/\/mgroleau.com\/wp\/wp-content\/uploads\/2023\/11\/affichesauverdesvie-768x428.jpg 768w, https:\/\/mgroleau.com\/wp\/wp-content\/uploads\/2023\/11\/affichesauverdesvie-800x445.jpg 800w\" sizes=\"auto, (max-width: 828px) 100vw, 828px\" \/>L&rsquo;album complet de la pi\u00e8ce est disponible en cliquant ici et ci-dessus<\/a><\/p>\n<h3><a href=\"https:\/\/mgroleau.com\/wp\/2023\/11\/sauver-des-vies-ma-40e-piece-avec-le-tnc\/\"><strong>Consulter l&rsquo;article du blog<\/strong><\/a><\/h3>\n<\/td>\n<td style=\"width: 20.044%; vertical-align: top;\">\n<h3><strong>Mise en sc\u00e8ne<\/strong><\/h3>\n<p>Isabelle B\u00e9dard,<br \/>\nassist\u00e9e de Florence Durand-Fernandes.<\/p>\n<h3><strong>\u00c9clairages<\/strong><\/h3>\n<p>Luc Levreault<\/p>\n<h3><strong>Sc\u00e9nographie<\/strong><\/h3>\n<p>Annie Trudel<\/p>\n<h3><strong>D\u00e9cors<\/strong><\/h3>\n<p>Patrice Martin<\/p>\n<p>&nbsp;<\/td>\n<\/tr>\n<\/tbody>\n<\/table>\n<h3>&nbsp;<\/h3>\n","protected":false},"excerpt":{"rendered":"<p>Retour au r\u00e9pertoire des pi\u00e8ces 50e &#8211; B\u00e9b\u00e9 \u00e0 bord Cette pi\u00e8ce est ma 50e collaboration avec le TNC! CLIQUEZ ICI POUR L&rsquo;ALBUM COMPLET Pour plus de d\u00e9tails consultez l&rsquo;article du blogue Une pi\u00e8ce de Claude Montminy Philippe et Christine viennent d\u2019emm\u00e9nager dans une maison aux mille et une r\u00e9novations \u00e0 compl\u00e9ter. Depuis quelque temps,&hellip;&nbsp;<a href=\"https:\/\/mgroleau.com\/wp\/tnc-mes-pieces-41-a-50\/\" rel=\"bookmark\">Lire la suite &raquo;<span class=\"screen-reader-text\">TNC \u2013 Mes pi\u00e8ces 41 \u00e0 50<\/span><\/a><\/p>\n","protected":false},"author":2,"featured_media":32350,"parent":0,"menu_order":0,"comment_status":"closed","ping_status":"closed","template":"","meta":{"_lmt_disableupdate":"no","_lmt_disable":"no","neve_meta_sidebar":"","neve_meta_container":"","neve_meta_enable_content_width":"off","neve_meta_content_width":100,"neve_meta_title_alignment":"","neve_meta_author_avatar":"","neve_post_elements_order":"","neve_meta_disable_header":"","neve_meta_disable_footer":"","neve_meta_disable_title":"","ngg_post_thumbnail":0,"footnotes":""},"class_list":["post-33095","page","type-page","status-publish","has-post-thumbnail","hentry"],"_links":{"self":[{"href":"https:\/\/mgroleau.com\/wp\/wp-json\/wp\/v2\/pages\/33095","targetHints":{"allow":["GET"]}}],"collection":[{"href":"https:\/\/mgroleau.com\/wp\/wp-json\/wp\/v2\/pages"}],"about":[{"href":"https:\/\/mgroleau.com\/wp\/wp-json\/wp\/v2\/types\/page"}],"author":[{"embeddable":true,"href":"https:\/\/mgroleau.com\/wp\/wp-json\/wp\/v2\/users\/2"}],"replies":[{"embeddable":true,"href":"https:\/\/mgroleau.com\/wp\/wp-json\/wp\/v2\/comments?post=33095"}],"version-history":[{"count":6,"href":"https:\/\/mgroleau.com\/wp\/wp-json\/wp\/v2\/pages\/33095\/revisions"}],"predecessor-version":[{"id":33113,"href":"https:\/\/mgroleau.com\/wp\/wp-json\/wp\/v2\/pages\/33095\/revisions\/33113"}],"wp:featuredmedia":[{"embeddable":true,"href":"https:\/\/mgroleau.com\/wp\/wp-json\/wp\/v2\/media\/32350"}],"wp:attachment":[{"href":"https:\/\/mgroleau.com\/wp\/wp-json\/wp\/v2\/media?parent=33095"}],"curies":[{"name":"wp","href":"https:\/\/api.w.org\/{rel}","templated":true}]}}