{"id":1698,"date":"2012-01-11T16:22:16","date_gmt":"2012-01-11T21:22:16","guid":{"rendered":"https:\/\/mgroleau.com\/wp\/?page_id=1698"},"modified":"2026-03-24T16:46:58","modified_gmt":"2026-03-24T20:46:58","slug":"photographie-de-spectacle","status":"publish","type":"page","link":"https:\/\/mgroleau.com\/wp\/trois-rivieres\/photographie-de-spectacle\/","title":{"rendered":"Photographie de spectacle et d&rsquo;\u00e9v\u00e8nement culturel"},"content":{"rendered":"<p>Apr\u00e8s plusieurs ann\u00e9es et des milliers de clich\u00e9s plus tard,&nbsp; je m&rsquo;aper\u00e7ois qu&rsquo;une grande proportion de ma production est en rapport avec la photo de spectacles, surtout du th\u00e9\u00e2tre. Aupr\u00e8s de deux troupes trifluviennes.<\/p>\n<p>Je vous invite \u00e0 consulter mes albums photos tant sur Flickr que sur Google Photo.<\/p>\n<h1 style=\"text-align: center;\">TH\u00c9\u00c2TRE<\/h1>\n<table style=\"border-collapse: collapse; width: 100%;\">\n<tbody>\n<tr>\n<td style=\"width: 50%;\">\n<h2 style=\"padding-left: 40px; text-align: center;\"><a href=\"https:\/\/mgroleau.com\/wp\/trois-rivieres\/photographie-de-spectacle\/theatre-des-nouveaux-compagnons-depuis-2009\/\">Th\u00e9\u00e2tre des Nouveaux compagnons<\/a><\/h2>\n<\/td>\n<td style=\"width: 50%;\">\n<h2 style=\"padding-left: 40px; text-align: center;\"><a href=\"https:\/\/mgroleau.com\/wp\/trois-rivieres\/photographie-de-spectacle\/theatre-des-gens-de-la-place\/\" target=\"_blank\" rel=\"noopener\">Th\u00e9\u00e2tre des Gens de la place<\/a><\/h2>\n<\/td>\n<\/tr>\n<tr>\n<td style=\"width: 50%;\"><a href=\"https:\/\/farm9.staticflickr.com\/8113\/8658534315_1b3144370b_b.jpg\" target=\"_blank\" rel=\"noopener\"><img loading=\"lazy\" decoding=\"async\" class=\"aligncenter\" src=\"https:\/\/farm9.staticflickr.com\/8113\/8658534315_1b3144370b_b.jpg\" alt=\"Th\u00e9atre des Nouveaux Compagnons\" width=\"400\" height=\"678\"\/><\/a><\/td>\n<td style=\"width: 50%;\"><a href=\"https:\/\/live.staticflickr.com\/65535\/52395397475_8c2bb7b356_n.jpg\" target=\"_blank\" rel=\"noopener\"><img loading=\"lazy\" decoding=\"async\" class=\"aligncenter\" src=\"https:\/\/live.staticflickr.com\/65535\/52395397475_8c2bb7b356_n.jpg\" alt=\"\" width=\"400\" height=\"239\"\/><\/a><\/td>\n<\/tr>\n<\/tbody>\n<\/table>\n<hr \/>\n<h1 style=\"text-align: center;\">SPECTACLES MUSICAUX<\/h1>\n<table style=\"border-collapse: collapse; width: 100%;\">\n<tbody>\n<tr>\n<td style=\"width: 25%;\">\n<h3 style=\"padding-left: 40px; text-align: center;\"><a href=\"https:\/\/mgroleau.com\/wp\/photographe-a-opera-de-trois-rivieres\/\" target=\"_blank\" rel=\"noopener\">Op\u00e9ra de Trois-Rivi\u00e8res<\/a><\/h3>\n<\/td>\n<td style=\"width: 25%;\">\n<h3 style=\"padding-left: 40px; text-align: center;\">Le Festivoix (<a href=\"https:\/\/mgroleau.com\/wp\/?s=Festivoix\" target=\"_blank\" rel=\"noopener\">Tous les articles<\/a>, <a href=\"https:\/\/www.flickr.com\/photos\/mario_groleau\/collections\/72157684005005341\/\" target=\"_blank\" rel=\"noopener noreferrer\">les albums Flickr<\/a>)<\/h3>\n<\/td>\n<td style=\"width: 25%;\">Mes photos de spectacles musicaux se retrouvent sur Flickr. <strong>Cliquez sur la photo ci-dessous pour ouvrir le classeur comprenant tous les albums de spectacles et d&rsquo;artistes<\/strong>.<\/td>\n<td style=\"width: 25%;\">\n<h3 style=\"padding-left: 40px; text-align: center;\"><a href=\"https:\/\/mgroleau.com\/wp\/tag\/jeanphilippecomeau\/\" target=\"_blank\" rel=\"noopener\">Jean-Philippe Comeau (Guitariste, chanteur)<\/a><\/h3>\n<\/td>\n<\/tr>\n<tr>\n<td style=\"width: 25%;\"><a title=\"Carmen par l'Op\u00e9ra de Trois-Rivi\u00e8res\" href=\"https:\/\/live.staticflickr.com\/65535\/52962884660_e630632c33_m.jpg\" target=\"_blank\" rel=\"noopener\" data-flickr-embed=\"true\"><img loading=\"lazy\" decoding=\"async\" class=\"aligncenter\" src=\"https:\/\/live.staticflickr.com\/65535\/52962884660_e630632c33_m.jpg\" alt=\"Carmen par l'Op\u00e9ra de Trois-Rivi\u00e8res\" width=\"300\" height=\"176\"\/><\/a><\/td>\n<td style=\"width: 25%;\"><a title=\"Marie-Mai (Festivoix 2009)\" href=\"https:\/\/www.flickr.com\/photos\/mario_groleau\/3673074250\/in\/album-72157620593817795\/\" target=\"_blank\" rel=\"noopener\" data-flickr-embed=\"true\"><img decoding=\"async\" class=\"aligncenter\" src=\"https:\/\/live.staticflickr.com\/3307\/3673074250_a9530f8b23_m.jpg\" alt=\"Marie-Mai (Festivoix 2009)\" width=\"300\"\/><\/a><\/td>\n<td style=\"width: 25%;\"><a title=\"Coeur de pirate de Mario Groleau, sur Flickr\" href=\"https:\/\/www.flickr.com\/photos\/mario_groleau\/collections\/72157618054557197\/\" target=\"_blank\" rel=\"noopener\"><img decoding=\"async\" class=\"aligncenter\" src=\"https:\/\/farm5.staticflickr.com\/4115\/4741474269_29a51b61c6_m.jpg\" alt=\"Coeur de pirate\" width=\"300\"\/><\/a><\/td>\n<td style=\"width: 25%;\"><a href=\"https:\/\/mgroleau.com\/wp\/wp-content\/uploads\/2021\/08\/MG_03248_DxO80.jpg\" target=\"_blank\" rel=\"noopener\"><img loading=\"lazy\" decoding=\"async\" class=\"wp-image-22506 aligncenter\" src=\"https:\/\/mgroleau.com\/wp\/wp-content\/uploads\/2021\/08\/MG_03248_DxO80-300x267.jpg\" alt=\"\" width=\"200\" height=\"267\"\/><\/a><\/td>\n<\/tr>\n<\/tbody>\n<\/table>\n<hr \/>\n<h2 style=\"text-align: left;\">Mes conseils pour la photo de spectacle et d&rsquo;\u00e9v\u00e9nement<\/h2>\n<h3 style=\"text-align: left;\"><strong>Des r\u00e8gles de base doivent \u00eatre respect\u00e9es<\/strong><\/h3>\n<p>1 &#8211; Ne jamais utiliser de flash. (Le flash est agressif pour les interpr\u00e8tes, musiciens, acteurs)<\/p>\n<p>2 &#8211; Vous ne faites pas le spectacle! V\u00eatez-vous sobrement, en noir si possible.<\/p>\n<p>3 &#8211; pour les prestations peu sonores (th\u00e9\u00e2tre, musique classique, po\u00e9sie, slam, c\u00e9r\u00e9monies religieuses, chorales, etc.) utilisez toujours le mode silencieux de votre appareil. Les clics de l&rsquo;obturateur m\u00e9canique sont trop audibles. Pourtant un photographe trifluvien professionnel, qui utilisait lors du Gala du FIPTR 2024 (Festival international de Po\u00e9sie de Trois-Rivi\u00e8res), l&rsquo;obturateur m\u00e9canique de son appareil, causant la grogne des spectateurs. Pour un spectacle rock ou heavy m\u00e9tal, il va de soi que le bruit de n&rsquo;importe quel obturateur s\u2019enterre par la musique!<\/p>\n<p>4 &#8211; Demandez si vous pouvez prendre vos photos lors de la g\u00e9n\u00e9rale (derni\u00e8re r\u00e9p\u00e9tition avant la premi\u00e8re, habituellement la g\u00e9n\u00e9rale se fait dans le d\u00e9cor avec \u00e9clairage, costumes et maquillages), vous serez seul en salle et vous pourrez vous d\u00e9placer \u00e0 votre gout!<\/p>\n<p>5 &#8211; Pour un spectacle \u00ablive\u00bb ne g\u00eanez jamais l&rsquo;auditoire. L&rsquo;usage d&rsquo;un t\u00e9l\u00e9objectif est requis pour de gros plans des artistes.<\/p>\n<p>6 &#8211; N&rsquo;h\u00e9sitez pas \u00e0 demander une accr\u00e9ditation \u00e0 l&rsquo;organisation d&rsquo;un \u00e9v\u00e8nement, le pire qui peut arriver c&rsquo;est de recevoir une r\u00e9ponse n\u00e9gative. Quand vous \u00eates admis dans la fosse des photographes, quand il y en a une, respectez les autres photographes et les consignes du personnel de s\u00e9curit\u00e9.<\/p>\n<hr \/>\n<h3 style=\"text-align: left;\">Conseils techniques de prise de vue:<\/h3>\n<p>Avant tout, ajustez l&rsquo;heure de votre ou de vos appareils, ce n&rsquo;est pas facile de synchroniser deux appareils, un conseil photographiez simultan\u00e9ment une horloge avec trotteuse (secondes) ou un cellulaire qui affiche l&rsquo;heure en H:M:S, avec les deux appareils, ou au pire un apr\u00e8s l&rsquo;autre. M\u00eame chose si vous \u00eates un groupe de photographes. C&rsquo;est important de synchroniser les appareils pour la reconstitution de la suite des \u00e9v\u00e8nements,<br \/>\nVous aurez ainsi une bonne id\u00e9e du d\u00e9calage. Si le fabricant de l&rsquo;appareil fournit une application de synchronisation de l&rsquo;heure et du lieu, utilisez-la (Sony par exemple). Lightroom Classic, ACDSEE PHOTO PRO et d&rsquo;autres logiciels permettent de corriger l&rsquo;heure des photos en lot pr\u00e9cis\u00e9ment.<\/p>\n<p>1 &#8211; Shootez toujours en RAW (vous faciliterez grandement vos possibilit\u00e9s de posttraitement). Dans le cas ou les photos devraient \u00eatre livr\u00e9es tr\u00e8s rapidement utiliser le mode Raw+Jpeg vous pourrez fournir rapidement des photos Jpeg, les raw seront disponibles pour le posttraitement (pour l&rsquo;instant (en 2024) n&rsquo;utilisez pas le format HEIF).<\/p>\n<p>2 &#8211; Vous pouvez utiliser de haut ISO (3200, 6400) afin d&rsquo;utiliser des vitesses int\u00e9ressantes, les logiciels modernes, tel que DXO Photolab Elite 8 et + ou bien DXO pure raw font des miracles pour le traitement du bruit des fichiers bruts (raw)! Les derni\u00e8res versions de Lightroom Classic font aussi du bon travail.<\/p>\n<p>3 &#8211; Id\u00e9alement, utilisez si possible deux (2) appareils, un avec un zoom transstandard (grand-angle \u00e0 petit t\u00e9l\u00e9objectif) et un autre avec un t\u00e9l\u00e9objectif. Personnellement j&rsquo;utilise le boitier pr\u00e9c\u00e9dent avec le zoom transstandard et le dernier mod\u00e8le avec le t\u00e9l\u00e9objectif, j&rsquo;utilise un harnais en n\u00e9opr\u00e8ne pour maintenir les deux appareils, le n\u00e9opr\u00e8ne est magique pour la r\u00e9partition du poids des appareils.<\/p>\n<p>4 &#8211; Un appareil APS-C (Sony, Canon, Fujifilm, Nikon&#8230;) est suffisant et beaucoup moins pesant qu&rsquo;un \u00abplein cadre\u00bb. Pour les pi\u00e8ces de th\u00e9\u00e2tre, la musique classique et autres manifestations peu bruyantes, les appareils r\u00e9flex \u00e0 miroir sont \u00e0 proscrire \u00e0 cause du bruit qu&rsquo;ils g\u00e9n\u00e8rent! Utilisez le mode silencieux!&nbsp;<\/p>\n<p>5 &#8211; Les \u00e9clairages DEL (LED) de mauvaise qualit\u00e9 produisent souvent du \u00abbanding\u00bb en mode silencieux. Des bandes sombres r\u00e9guli\u00e8res apparaissent sur les photos. Presque impossible \u00e0 corriger en postproduction. Certains appareils modernes permettent de caler la vitesse d&rsquo;obturation sur le secteur, par exemple le Sony A6700 permet de l&rsquo;ajuster. Personnellement j&rsquo;utilise la vitesse de 1\/119,9s pour contrer ce ph\u00e9nom\u00e8ne. Il est aussi possible d&rsquo;utiliser un bridge qui poss\u00e8de un obturateur central m\u00e9canique qui ne produit presque pas de bruit, comme le Sony RX10M4, mais la performance au-dessus de 3200 ISO est perfectible! Vous pouvez aussi acheter un appareil Sony A9M3 \u00e0 8300$, mais ce n&rsquo;est pas dans mon budget, mais il est le seul sur le march\u00e9 \u00e0 \u00eatre immunis\u00e9 contre le banding (12 oct. 2024)!<\/p>\n<p>6 &#8211;&nbsp; Demandez au metteur en sc\u00e8ne s&rsquo;il d\u00e9sire une photo groupe, le meilleur moment est avant la pr\u00e9paration, tout le monde est en forme, maquillage et couiffure impeccable. Pour les photos de groupe, utilisez des rafales de quelques secondes, afin d&rsquo;en trouver une valide! (Attention aux yeux, mimiques (langues sorties + grimaces), regards d\u00e9tourn\u00e9s, doigts dans le nez, etc! Une m\u00e9thode que j&rsquo;applique depuis 2023, je demande au gens de me regrader, de fermer les yeux et au moment de partir ma rafale, je leur demande d&rsquo;ouvrir les yeux, apr\u00e8s quelques clich\u00e9s tout le monde aura les yeux ouvert!<\/p>\n<p>&nbsp;<\/p>\n<h2 style=\"text-align: left;\">7 &#8211; S\u00e9lection des photos avec Adobe Lightroom Classic:<\/h2>\n<p style=\"padding-left: 40px;\">7.1 &#8211; Ouvrir le dossier des photos \u00e0 trier en mode grille.<\/p>\n<p style=\"padding-left: 40px;\">7.2 &#8211; activer le \u00ab<strong>filtre de biblioth\u00e8que<\/strong>\u00bb<\/p>\n<p style=\"padding-left: 40px;\">7.3 &#8211; Pour l&rsquo;attribut \u00ab<strong>Marqueur<\/strong>\u00bb choisir l&rsquo;ic\u00f4ne du milieu.<\/p>\n<p style=\"padding-left: 80px;\"><a href=\"https:\/\/mgroleau.com\/wp\/wp-content\/uploads\/2024\/10\/attributmarqueurlr-1.jpg\"><img loading=\"lazy\" decoding=\"async\" class=\"alignnone size-full wp-image-30564\" src=\"https:\/\/mgroleau.com\/wp\/wp-content\/uploads\/2024\/10\/attributmarqueurlr-1.jpg\" alt=\"\" width=\"462\" height=\"136\"\/><\/a><\/p>\n<p style=\"padding-left: 40px;\">7.4 &#8211; Pour retenir une photo, utiliser la touche <strong>P<\/strong> et pour rejeter une photo, appuyer sur la touche <strong>X<\/strong>. Avec le r\u00e9glage de l&rsquo;\u00e9tape 7.3 les photos retenues et rejet\u00e9es disparaitront de la grille, si vous avez entre temps le mode loupe vous passerez automatiquement \u00e0 la photo suivante.<\/p>\n<p style=\"padding-left: 40px;\">7.5 &#8211; Une fois que toutes les photos auront \u00e9t\u00e9 visit\u00e9es, la grille ou la loupe sera vide.<\/p>\n<p style=\"padding-left: 40px;\">7.6 &#8211; Pour cette \u00e9tape, il faut s\u00e9lectionner le troisi\u00e8me marqueur, ainsi seules les photos rejet\u00e9es seront affich\u00e9es. S\u00e9lectionner ces photos.<\/p>\n<p style=\"padding-left: 40px;\">7.7 &#8211; S\u00e9lectionner le dossier.<\/p>\n<p style=\"padding-left: 40px;\">7.8 &#8211; Cliquer dessus avec le bouton droit de la souris (sur windows) et faire \u00ab<strong>Cr\u00e9er un dossier dans \u00ab\u00a0nom du dossier\u00a0\u00bb&#8230;<\/strong>\u00bb, puis inscrire <strong>Rejet\u00e9es<\/strong> dans la zone de texte <strong>Dossier<\/strong>, comme ceci:<\/p>\n<p style=\"padding-left: 80px;\"><a href=\"https:\/\/mgroleau.com\/wp\/wp-content\/uploads\/2024\/10\/creationdossier.jpg\"><img loading=\"lazy\" decoding=\"async\" class=\"alignnone size-full wp-image-30567\" src=\"https:\/\/mgroleau.com\/wp\/wp-content\/uploads\/2024\/10\/creationdossier.jpg\" alt=\"\" width=\"455\" height=\"222\"\/><\/a><\/p>\n<p style=\"padding-left: 40px;\">7.9 &#8211; Ensuite cliquer sur <strong>Cr\u00e9e<\/strong>r, tous les fichiers rejet\u00e9s seront d\u00e9plac\u00e9s dans ce dossier.<\/p>\n<p style=\"padding-left: 40px;\">7.10 &#8211; Toujours en ayant le dossier d&rsquo;origine s\u00e9lectionn\u00e9, cliquer l&rsquo;ic\u00f4ne du marqueur qui est s\u00e9lectionn\u00e9.<\/p>\n<p style=\"padding-left: 40px;\">7.11 &#8211; Tous les fichiers retenus apparaitront alors. Faire<strong> CTRL-A<\/strong> et sur le clavier appuyer sur la touche <strong>U<\/strong> (neutre)<\/p>\n<p style=\"padding-left: 40px;\">7.12 &#8211; Recommencer \u00e0 l&rsquo;\u00e9tape <strong>7.3<\/strong> pour une deuxi\u00e8me passe et m\u00eame une troisi\u00e8me.<\/p>\n<p style=\"padding-left: 40px;\">7.13 &#8211; Les fichiers restants sont ceux qui seront trait\u00e9s.<\/p>\n<h2 style=\"text-align: left;\">8 &#8211; S\u00e9lection des photos avec Dxo Photolab la m\u00e9thode est tr\u00e8s similaire:<\/h2>\n<p style=\"padding-left: 40px;\">8.1 &#8211; Ouvrir le dossier des photos \u00e0 trier en mode <strong>Phototh\u00e8que<\/strong>.<\/p>\n<p style=\"padding-left: 40px;\">8.2 &#8211; activer le \u00ab<strong>filtrage des images<\/strong>\u00bb<\/p>\n<p style=\"padding-left: 80px;\"><a href=\"https:\/\/mgroleau.com\/wp\/wp-content\/uploads\/2024\/10\/dxofiltrage.jpg\"><img loading=\"lazy\" decoding=\"async\" class=\"alignnone size-full wp-image-30568\" src=\"https:\/\/mgroleau.com\/wp\/wp-content\/uploads\/2024\/10\/dxofiltrage.jpg\" alt=\"\" width=\"94\" height=\"44\"\/><\/a><\/p>\n<p style=\"padding-left: 40px;\">8.3 &#8211; Cliquer sur l&rsquo;ic\u00f4ne de filtrage et choisir Images sans statut de s\u00e9lection.<\/p>\n<p style=\"padding-left: 80px;\"><a href=\"https:\/\/mgroleau.com\/wp\/wp-content\/uploads\/2024\/10\/dxoImagesansStatus.jpg\"><img loading=\"lazy\" decoding=\"async\" class=\"alignnone size-full wp-image-30569\" src=\"https:\/\/mgroleau.com\/wp\/wp-content\/uploads\/2024\/10\/dxoImagesansStatus.jpg\" alt=\"\" width=\"275\" height=\"103\"\/><\/a><\/p>\n<p style=\"padding-left: 40px;\">8.4 &#8211; Pour retenir une photo, utiliser la touche<strong> P<\/strong> et pour rejeter une photo appuyer sur la touche <strong>X<\/strong>. Avec le r\u00e9glage de l&rsquo;\u00e9tape <strong>8.3<\/strong> les photos retenues et rejet\u00e9es disparaitront.<\/p>\n<p style=\"padding-left: 40px;\">8.5 &#8211; Une fois que toutes les photos auront \u00e9t\u00e9 visit\u00e9es, la liste des photos sera vide.<\/p>\n<p style=\"padding-left: 40px;\">8.6 &#8211; Pour cette \u00e9tape, il faut s\u00e9lectionner Images rejet\u00e9es (voir \u00e9tape <strong>8.3)<\/strong>, ainsi seules les photos rejet\u00e9es seront affich\u00e9es.<\/p>\n<p style=\"padding-left: 40px;\">8.7 &#8211; Dans le mode <strong>Phototh\u00e8que<\/strong>. Cliquer sur le nom du dossier avec le bouton droit de la souris (sur Windows) et faire \u00ab<strong>Cr\u00e9er un dossier<\/strong>\u00bb et changer le nom de ce dossier pour \u00ab<strong>Rejet\u00e9es<\/strong>\u00bb<\/p>\n<p style=\"padding-left: 40px;\">8.8 &#8211; S\u00e9lectionner toutes les photos <strong>Rejet\u00e9es<\/strong> du dossier d&rsquo;origine. Puis d\u00e9placer ces photos en les glissant sur le dossier Rejet\u00e9es en maintenant la touche Majuscule sinon ces photos seront copi\u00e9es et non d\u00e9plac\u00e9es.<\/p>\n<p style=\"padding-left: 40px;\">8.9 &#8211; Toujours en ayant le dossier d&rsquo;origine s\u00e9lectionn\u00e9, choisir s\u00e9lectionner Images conserv\u00e9es (voir \u00e9tape <strong>8.3<\/strong>).<\/p>\n<p style=\"padding-left: 40px;\">8.10 &#8211; Tous les fichiers retenus apparaitront alors. Faire <strong>CTRL-A<\/strong> et sur le clavier appuyer sur la touche<strong> U<\/strong> (neutre)<\/p>\n<p style=\"padding-left: 40px;\">8.11 &#8211; Recommencer \u00e0 l&rsquo;\u00e9tape <strong>8.3<\/strong> pour une deuxi\u00e8me passe et m\u00eame une troisi\u00e8me passe.<\/p>\n<p style=\"padding-left: 40px;\">8.12 &#8211; Les fichiers restants sont ceux qui seront trait\u00e9s.<\/p>\n<h2 style=\"text-align: left;\">9 &#8211; Clavier programmable afin de faciliter les \u00e9tapes de s\u00e9lection:<\/h2>\n<p>Personnellement j&rsquo;utilise le clavier 9 touches <a href=\"https:\/\/www.amazon.ca\/One-Handed-Mechanical-Programmable-Multifunctional-Compatible\/dp\/B08V8GNHLF\/ref=sr_1_1_sspa?crid=3L8JVLDE7DN38&amp;dib=eyJ2IjoiMSJ9.VTrZeilUynB0hi-B-2OhcIXd4c4EKJPtM7FUyl9izaeEbQF0keZ67PFo1IgoFvKnjTWJrpIsD3ko2nH4gRIt0FoPI-u4bMA9Hs-pCLuIz9UTJerjaNtuas5M6MLL_VgQtug-6rBsy2eV3ezwTq_erTMDYAz0OSnmsWlX06iZAFwMN7bphWRzEOGyLIFbWgm0z3GYy2J_CLQl_9_ntBlOl9Xip9MXp_0GxMC-VsNANbQiBHUW79DpHeiL64_k_V4TGp1bHf8XTvMMSztKAX7wF8q3b920HKFTH_JA08Y2PwY.ZIwq7yIzzlp8ROD8HrY921aX-U7XM4hz3Eflg3w69gc&amp;dib_tag=se&amp;keywords=vaydeer+keyboard&amp;qid=1728961022&amp;sprefix=vaydeer+keyboard%2Caps%2C169&amp;sr=8-1-spons&amp;sp_csd=d2lkZ2V0TmFtZT1zcF9hdGY&amp;psc=1\" target=\"_blank\" rel=\"noopener\">Vaydeer<\/a> (Disponible sur Amazon.ca pour 40$), ce qui permet beaucoup d&rsquo;acc\u00e9l\u00e9rer le processus.<\/p>\n<p>&nbsp;<\/p>\n<table style=\"width: 100%; border-collapse: collapse; border-style: hidden;\">\n<tbody>\n<tr>\n<td style=\"width: 33.3333%; vertical-align: top; border-style: hidden;\"><img loading=\"lazy\" decoding=\"async\" class=\"alignnone wp-image-30553 size-full\" src=\"https:\/\/mgroleau.com\/wp\/wp-content\/uploads\/2024\/10\/ClavieVaydder9touche.jpg\" alt=\"\" width=\"320\" height=\"347\"\/><\/td>\n<td style=\"width: 33.3333%; vertical-align: top; border-style: hidden;\">Mon r\u00e9glage pour DXO PhotoLab<\/p>\n<p><img loading=\"lazy\" decoding=\"async\" class=\"alignnone wp-image-30554 size-full\" src=\"https:\/\/mgroleau.com\/wp\/wp-content\/uploads\/2024\/10\/ClavieVaydeerDXO.jpg\" alt=\"\" width=\"363\" height=\"389\"\/><\/td>\n<td style=\"width: 33.3333%; vertical-align: top; border-style: hidden;\">Mon r\u00e9glage pour Adobe Lightroom Classic<\/p>\n<p><img loading=\"lazy\" decoding=\"async\" class=\"alignnone wp-image-30555 size-full\" src=\"https:\/\/mgroleau.com\/wp\/wp-content\/uploads\/2024\/10\/ClavierVaydeeLightroom.jpg\" alt=\"\" width=\"349\" height=\"378\"\/><\/td>\n<\/tr>\n<tr>\n<td style=\"width: 33.3333%; vertical-align: top; border-style: hidden;\">&nbsp;<\/td>\n<td style=\"width: 33.3333%; vertical-align: top; border-style: hidden;\" colspan=\"2\">On programme les cl\u00e9s importantes pour notre logiciel.&nbsp;<\/td>\n<\/tr>\n<\/tbody>\n<\/table>\n<p>&nbsp;<\/p>\n<p>&nbsp;<\/p>\n","protected":false},"excerpt":{"rendered":"<p>Apr\u00e8s plusieurs ann\u00e9es et des milliers de clich\u00e9s plus tard,&nbsp; je m&rsquo;aper\u00e7ois qu&rsquo;une grande proportion de ma production est en rapport avec la photo de spectacles, surtout du th\u00e9\u00e2tre. Aupr\u00e8s de deux troupes trifluviennes. Je vous invite \u00e0 consulter mes albums photos tant sur Flickr que sur Google Photo. TH\u00c9\u00c2TRE Th\u00e9\u00e2tre des Nouveaux compagnons Th\u00e9\u00e2tre&hellip;&nbsp;<a href=\"https:\/\/mgroleau.com\/wp\/trois-rivieres\/photographie-de-spectacle\/\" rel=\"bookmark\">Lire la suite &raquo;<span class=\"screen-reader-text\">Photographie de spectacle et d&rsquo;\u00e9v\u00e8nement culturel<\/span><\/a><\/p>\n","protected":false},"author":2,"featured_media":18382,"parent":40,"menu_order":0,"comment_status":"closed","ping_status":"closed","template":"","meta":{"_lmt_disableupdate":"no","_lmt_disable":"no","neve_meta_sidebar":"full-width","neve_meta_container":"full-width","neve_meta_enable_content_width":"on","neve_meta_content_width":85,"neve_meta_title_alignment":"","neve_meta_author_avatar":"","neve_post_elements_order":"","neve_meta_disable_header":"","neve_meta_disable_footer":"","neve_meta_disable_title":"","ngg_post_thumbnail":0,"footnotes":""},"class_list":["post-1698","page","type-page","status-publish","has-post-thumbnail","hentry"],"_links":{"self":[{"href":"https:\/\/mgroleau.com\/wp\/wp-json\/wp\/v2\/pages\/1698","targetHints":{"allow":["GET"]}}],"collection":[{"href":"https:\/\/mgroleau.com\/wp\/wp-json\/wp\/v2\/pages"}],"about":[{"href":"https:\/\/mgroleau.com\/wp\/wp-json\/wp\/v2\/types\/page"}],"author":[{"embeddable":true,"href":"https:\/\/mgroleau.com\/wp\/wp-json\/wp\/v2\/users\/2"}],"replies":[{"embeddable":true,"href":"https:\/\/mgroleau.com\/wp\/wp-json\/wp\/v2\/comments?post=1698"}],"version-history":[{"count":12,"href":"https:\/\/mgroleau.com\/wp\/wp-json\/wp\/v2\/pages\/1698\/revisions"}],"predecessor-version":[{"id":32825,"href":"https:\/\/mgroleau.com\/wp\/wp-json\/wp\/v2\/pages\/1698\/revisions\/32825"}],"up":[{"embeddable":true,"href":"https:\/\/mgroleau.com\/wp\/wp-json\/wp\/v2\/pages\/40"}],"wp:featuredmedia":[{"embeddable":true,"href":"https:\/\/mgroleau.com\/wp\/wp-json\/wp\/v2\/media\/18382"}],"wp:attachment":[{"href":"https:\/\/mgroleau.com\/wp\/wp-json\/wp\/v2\/media?parent=1698"}],"curies":[{"name":"wp","href":"https:\/\/api.w.org\/{rel}","templated":true}]}}