{"id":15361,"date":"2017-11-14T21:05:30","date_gmt":"2017-11-15T02:05:30","guid":{"rendered":"https:\/\/mgroleau.com\/wp\/?page_id=15361"},"modified":"2023-11-30T21:32:36","modified_gmt":"2023-12-01T02:32:36","slug":"boudoir-et-nu","status":"publish","type":"page","link":"https:\/\/mgroleau.com\/wp\/trois-rivieres\/boudoir-et-nu\/","title":{"rendered":"Boudoir et Nu"},"content":{"rendered":"<p><a href=\"https:\/\/mgroleau.com\/wp\">Attention &#8211; cette page contient de la nudit\u00e9, cliquez ici pour revenir \u00e0 l&rsquo;accueil<\/a><\/p>\n<p>J&rsquo;ai suivi une formation avec le photographe <strong><span style=\"color: #993366;\"><a style=\"color: #993366;\" href=\"http:\/\/mfphotographie.com\/\">Michel Feugeas<\/a><\/span><\/strong>, maitre de ce genre photographique. Je vous pr\u00e9sente des exemples r\u00e9alis\u00e9s lors de cette formation. Soyez indulgents, il s&rsquo;agit de mes premiers pas dans ce style!<\/p>\n<p>D\u00e9finissons tout d&rsquo;abord le mot boudoir, le Larousse nous donne :<\/p>\n<ul class=\"Definitions\">\n<li class=\"DivisionDefinition\"><span class=\"\">Petit salon \u00e9l\u00e9gant, qui \u00e9tait \u00e0 l&rsquo;usage exclusif des femmes (remonte \u00e0 l&rsquo;\u00e9poque R\u00e9gence)<\/span>.<\/li>\n<\/ul>\n<p>Le CNRTL :<\/p>\n<ul class=\"Definitions\">\n<li>Petite pi\u00e8ce \u00e9l\u00e9gante dans laquelle la ma\u00eetresse de maison se retire pour \u00eatre seule ou s&rsquo;entretenir avec des intimes<\/li>\n<\/ul>\n<p>Tout d&rsquo;abord que la photo de boudoir a pour but de montrer des femmes dans un environnement qui leur est r\u00e9serv\u00e9, feutr\u00e9, intime,&nbsp; dans les poses de relaxation, toutefois jamais vulgaires. Les mod\u00e8les sont habituellement l\u00e9g\u00e8rement v\u00eatues et m\u00eame parfois nues.&nbsp;<\/p>\n<p>La mod\u00e8le lors de cette s\u00e9ance \u00e9tait la magnifique et tr\u00e8s professionnelle&nbsp;<a href=\"https:\/\/www.facebook.com\/profile.php?id=100009114097281&amp;lst=822754742%3A100009114097281%3A1510696342\"><strong><span style=\"color: #993366;\">Nina Tch<\/span><\/strong>,<\/a><\/p>\n<p>Le choix de la mod\u00e8le est la cl\u00e9 du succ\u00e8s, une mod\u00e8le exp\u00e9riment\u00e9e sait se mettre en valeur, montrer ses poses avantageuses et connait les limites de son art, elle saura vous mettre \u00e0 l&rsquo;aise, car il ne faut pas se le cacher, ce style de photo impose une grande intimit\u00e9 avec la mod\u00e8le, celle-ci doit avoir confiance en vous et vice-versa, avec une n\u00e9ophyte vous aurez beaucoup plus de travail \u00e0 \u00e9tablir ce lien confiance et d&rsquo;intimit\u00e9 et de d\u00e9terminer les poses et ambiances.<\/p>\n<p>La conclusion c&rsquo;est qu&rsquo;au d\u00e9but il vaut mieux se tourner vers des mod\u00e8les exp\u00e9riment\u00e9es qui feront en quelque sorte votre formation et \u00e9tabliront votre confiance. Par la suite vous aurez plus d&rsquo;assurance dans la direction des mod\u00e8les.<\/p>\n<p>Pour la r\u00e9mun\u00e9ration du photographe et de la mod\u00e8le, il y a trois avenue possibles:<\/p>\n<p>1 &#8211; Poser contre photo &#8211; Le photographe fourni gratuitement les photos au mod\u00e8le en contre parti de pouvoir publier les photos selon entente. La mod\u00e8le peut \u00e9galement utiliser les photos. Sans \u00e9change d&rsquo;argent.<\/p>\n<p>2 &#8211; Poser contre r\u00e9mun\u00e9ration &#8211; Le photographe paie la mod\u00e8le et il peut publier les photos.<\/p>\n<p>3 &#8211; Photographe r\u00e9mun\u00e9r\u00e9 &#8211; La mod\u00e8le paie le photographe pour son usage personnel. Elle peut diffuser les photos \u00e0 sa guise en donnant le cr\u00e9dit photo au photographe, elle peut aussi permettre au photographe de publier les photos dans son portfolio, ou autrement selon entente.<\/p>\n<p>La CAPIC a pr\u00e9par\u00e9 un contrat type liant le mod\u00e8le et le photographe. <span style=\"color: #993366;\"><strong><a style=\"color: #993366;\" href=\"https:\/\/capic.org\/wp-content\/uploads\/2014\/01\/Model-Agreement_fr.pdf\" target=\"_blank\" rel=\"noopener\">Cliquez-ici pour t\u00e9l\u00e9charger directement du site de la CAPIC<\/a><\/strong><\/span><\/p>\n<p><strong>Une note importante, assurez-vous que la mod\u00e8le soit majeure au moment de la s\u00e9ance de pose.<\/strong><\/p>\n<p>Voici maintenant les photos r\u00e9alis\u00e9es lors de cet atelier:<\/p>\n<p><img loading=\"lazy\" decoding=\"async\" class=\"ngg-singlepic ngg-center aligncenter\" style=\"text-align: center;\" src=\"https:\/\/mgroleau.com\/wp\/wp-content\/galleries\/boudoir-et-nu\/2017-11-11-14-48-27-0749-15.jpg\" alt=\"Nina Tch Mod\u00e8le\" width=\"519\" height=\"959\"\/><\/p>\n<p>&nbsp;<\/p>\nngg_shortcode_0_placeholder\n<p>Pour plus d&rsquo;informations, vous pouvez me rejoindre \u00e0 <a href=\"http:\/\/mgroleau.com\/envoimail.php?de=https:\/\/mgroleau.com\/wp\/trois-rivieres\/boudoir-et-nu\/&amp;sujet=Boudoir\">boudoir@mgroleau.com<\/a><\/p>\n","protected":false},"excerpt":{"rendered":"<p>Attention &#8211; cette page contient de la nudit\u00e9, cliquez ici pour revenir \u00e0 l&rsquo;accueil J&rsquo;ai suivi une formation avec le photographe Michel Feugeas, maitre de ce genre photographique. Je vous pr\u00e9sente des exemples r\u00e9alis\u00e9s lors de cette formation. Soyez indulgents, il s&rsquo;agit de mes premiers pas dans ce style! D\u00e9finissons tout d&rsquo;abord le mot boudoir,&hellip;&nbsp;<a href=\"https:\/\/mgroleau.com\/wp\/trois-rivieres\/boudoir-et-nu\/\" rel=\"bookmark\">Lire la suite &raquo;<span class=\"screen-reader-text\">Boudoir et Nu<\/span><\/a><\/p>\n","protected":false},"author":2,"featured_media":27587,"parent":40,"menu_order":0,"comment_status":"closed","ping_status":"closed","template":"","meta":{"_lmt_disableupdate":"","_lmt_disable":"","neve_meta_sidebar":"","neve_meta_container":"","neve_meta_enable_content_width":"","neve_meta_content_width":0,"neve_meta_title_alignment":"","neve_meta_author_avatar":"","neve_post_elements_order":"","neve_meta_disable_header":"","neve_meta_disable_footer":"","neve_meta_disable_title":"","ngg_post_thumbnail":0,"footnotes":""},"class_list":["post-15361","page","type-page","status-publish","has-post-thumbnail","hentry"],"_links":{"self":[{"href":"https:\/\/mgroleau.com\/wp\/wp-json\/wp\/v2\/pages\/15361","targetHints":{"allow":["GET"]}}],"collection":[{"href":"https:\/\/mgroleau.com\/wp\/wp-json\/wp\/v2\/pages"}],"about":[{"href":"https:\/\/mgroleau.com\/wp\/wp-json\/wp\/v2\/types\/page"}],"author":[{"embeddable":true,"href":"https:\/\/mgroleau.com\/wp\/wp-json\/wp\/v2\/users\/2"}],"replies":[{"embeddable":true,"href":"https:\/\/mgroleau.com\/wp\/wp-json\/wp\/v2\/comments?post=15361"}],"version-history":[{"count":0,"href":"https:\/\/mgroleau.com\/wp\/wp-json\/wp\/v2\/pages\/15361\/revisions"}],"up":[{"embeddable":true,"href":"https:\/\/mgroleau.com\/wp\/wp-json\/wp\/v2\/pages\/40"}],"wp:featuredmedia":[{"embeddable":true,"href":"https:\/\/mgroleau.com\/wp\/wp-json\/wp\/v2\/media\/27587"}],"wp:attachment":[{"href":"https:\/\/mgroleau.com\/wp\/wp-json\/wp\/v2\/media?parent=15361"}],"curies":[{"name":"wp","href":"https:\/\/api.w.org\/{rel}","templated":true}]}}